{"id":18,"date":"2025-06-27T17:49:10","date_gmt":"2025-06-27T17:49:10","guid":{"rendered":"https:\/\/vozdvictoria.com\/?page_id=18"},"modified":"2025-07-21T16:09:59","modified_gmt":"2025-07-21T16:09:59","slug":"blog-posts","status":"publish","type":"page","link":"https:\/\/vozdvictoria.com\/es\/blog-posts\/","title":{"rendered":"Publicaciones de blog"},"content":{"rendered":"<div data-elementor-type=\"wp-page\" data-elementor-id=\"18\" class=\"elementor elementor-18\" data-elementor-post-type=\"page\">\n\t\t\t\t\t\t<section class=\"elementor-section elementor-top-section elementor-element elementor-element-eb51e56 elementor-section-boxed elementor-section-height-default elementor-section-height-default\" data-id=\"eb51e56\" data-element_type=\"section\" data-e-type=\"section\" data-settings=\"{&quot;background_background&quot;:&quot;classic&quot;}\">\n\t\t\t\t\t\t<div class=\"elementor-container elementor-column-gap-no\">\n\t\t\t\t\t<div class=\"elementor-column elementor-col-100 elementor-top-column elementor-element elementor-element-694e7d4\" data-id=\"694e7d4\" data-element_type=\"column\" data-e-type=\"column\" data-settings=\"{&quot;background_background&quot;:&quot;classic&quot;}\">\n\t\t\t<div class=\"elementor-widget-wrap elementor-element-populated\">\n\t\t\t\t\t\t<div class=\"elementor-element elementor-element-b7a6cc6 elementor-widget elementor-widget-heading\" data-id=\"b7a6cc6\" data-element_type=\"widget\" data-e-type=\"widget\" data-widget_type=\"heading.default\">\n\t\t\t\t<div class=\"elementor-widget-container\">\n\t\t\t\t\t<h2 class=\"elementor-heading-title elementor-size-default\">Publicaciones de blog<\/h2>\t\t\t\t<\/div>\n\t\t\t\t<\/div>\n\t\t\t\t\t<\/div>\n\t\t<\/div>\n\t\t\t\t\t<\/div>\n\t\t<\/section>\n\t\t\t\t<section class=\"elementor-section elementor-top-section elementor-element elementor-element-3e8be41d elementor-section-boxed elementor-section-height-default elementor-section-height-default\" data-id=\"3e8be41d\" data-element_type=\"section\" data-e-type=\"section\" id=\"blog-section\">\n\t\t\t\t\t\t<div class=\"elementor-container elementor-column-gap-no\">\n\t\t\t\t\t<div class=\"elementor-column elementor-col-100 elementor-top-column elementor-element elementor-element-55439363\" data-id=\"55439363\" data-element_type=\"column\" data-e-type=\"column\">\n\t\t\t<div class=\"elementor-widget-wrap elementor-element-populated\">\n\t\t\t\t\t\t<div class=\"elementor-element elementor-element-4c17c045 elementor-grid-eael-col-3 elementor-grid-tablet-eael-col-3 elementor-grid-mobile-eael-col-1 elementor-widget elementor-widget-eael-post-grid\" data-id=\"4c17c045\" data-element_type=\"widget\" data-e-type=\"widget\" data-settings=\"{&quot;eael_post_grid_columns&quot;:&quot;eael-col-3&quot;,&quot;eael_post_grid_columns_tablet&quot;:&quot;eael-col-3&quot;,&quot;eael_post_grid_columns_mobile&quot;:&quot;eael-col-1&quot;}\" data-widget_type=\"eael-post-grid.default\">\n\t\t\t\t<div class=\"elementor-widget-container\">\n\t\t\t\t\t<div id=\"eael-post-grid-4c17c045\" class=\"eael-post-grid-container\">\n            <div class=\"eael-post-grid eael-post-appender eael-post-appender-4c17c045 eael-post-grid-style-two\" data-layout-mode=\"masonry\"><article class=\"eael-grid-post  eael-post-grid-column eael-pg-post-2387 category-uncategorized\" data-id=\"2387\">\n    <div class=\"eael-grid-post-holder\">\n        <div class=\"eael-grid-post-holder-inner\"><div class=\"eael-entry-media\"><div class=\"eael-entry-overlay zoom-in\"><i class=\"fas fa-external-link-alt\" aria-hidden=\"true\"><\/i><a href=\"https:\/\/vozdvictoria.com\/es\/beyond-translation-why-culturally-responsive-ieps-matter-for-multilingual-families\/\" rel=\"nofollow\" target=\"_blank\"><\/a><\/div><div class=\"eael-entry-thumbnail\">\n                            <img fetchpriority=\"high\" decoding=\"async\" width=\"1120\" height=\"1320\" src=\"https:\/\/vozdvictoria.com\/wp-content\/uploads\/2025\/07\/familygrp.jpg\" class=\"attachment-full size-full wp-image-1897\" alt=\"\" srcset=\"https:\/\/vozdvictoria.com\/wp-content\/uploads\/2025\/07\/familygrp.jpg 1120w, https:\/\/vozdvictoria.com\/wp-content\/uploads\/2025\/07\/familygrp-255x300.jpg 255w, https:\/\/vozdvictoria.com\/wp-content\/uploads\/2025\/07\/familygrp-869x1024.jpg 869w, https:\/\/vozdvictoria.com\/wp-content\/uploads\/2025\/07\/familygrp-768x905.jpg 768w\" sizes=\"(max-width: 1120px) 100vw, 1120px\" \/>\n                            <\/div>\n                    <\/div><div class=\"eael-entry-wrapper\"><header class=\"eael-entry-header\"><h2 class=\"eael-entry-title\"><a class=\"eael-grid-post-link\" href=\"https:\/\/vozdvictoria.com\/es\/beyond-translation-why-culturally-responsive-ieps-matter-for-multilingual-families\/\" title=\"M\u00e1s all\u00e1 de la traducci\u00f3n: Por qu\u00e9 los IEP culturalmente sensibles son importantes para las familias multiling\u00fces\" rel=\"nofollow\" target=\"_blank\">M\u00e1s all\u00e1 de la traducci\u00f3n: Por qu\u00e9 los IEP culturalmente sensibles son importantes para las familias multiling\u00fces<\/a><\/h2><\/header><div class=\"eael-entry-header-after style-two\"><div class=\"eael-entry-meta\"><span class=\"eael-posted-on eael-meta-posted-on\"><i class=\"far fa-clock\"><\/i><time datetime=\"julio 16, 2025\">julio 16, 2025<\/time><\/span><\/div><\/div><div class=\"eael-entry-content\">\n                                <div class=\"eael-grid-post-excerpt\"><p>Resumen: Destaca la intersecci\u00f3n del acceso al lenguaje y la educaci\u00f3n especial,...<\/p><a href=\"https:\/\/vozdvictoria.com\/es\/beyond-translation-why-culturally-responsive-ieps-matter-for-multilingual-families\/\" class=\"eael-post-elements-readmore-btn\" rel=\"nofollow\" target=\"_blank\">Leer m\u00e1s<\/a><\/div>\n                            <\/div><\/div><\/div>\n    <\/div>\n<\/article><article class=\"eael-grid-post  eael-post-grid-column eael-pg-post-2385 category-uncategorized\" data-id=\"2385\">\n    <div class=\"eael-grid-post-holder\">\n        <div class=\"eael-grid-post-holder-inner\"><div class=\"eael-entry-media\"><div class=\"eael-entry-overlay zoom-in\"><i class=\"fas fa-external-link-alt\" aria-hidden=\"true\"><\/i><a href=\"https:\/\/vozdvictoria.com\/es\/from-conflict-to-collaboration-how-to-build-a-strong-partnership-with-your-childs-school-team\/\" rel=\"nofollow\" target=\"_blank\"><\/a><\/div><div class=\"eael-entry-thumbnail\">\n                            <img decoding=\"async\" width=\"2560\" height=\"1706\" src=\"https:\/\/vozdvictoria.com\/wp-content\/uploads\/2025\/07\/autistic-child-6-scaled.webp\" class=\"attachment-full size-full wp-image-455\" alt=\"\" srcset=\"https:\/\/vozdvictoria.com\/wp-content\/uploads\/2025\/07\/autistic-child-6-scaled.webp 2560w, https:\/\/vozdvictoria.com\/wp-content\/uploads\/2025\/07\/autistic-child-6-300x200.webp 300w, https:\/\/vozdvictoria.com\/wp-content\/uploads\/2025\/07\/autistic-child-6-1024x683.webp 1024w, https:\/\/vozdvictoria.com\/wp-content\/uploads\/2025\/07\/autistic-child-6-768x512.webp 768w, https:\/\/vozdvictoria.com\/wp-content\/uploads\/2025\/07\/autistic-child-6-1536x1024.webp 1536w, https:\/\/vozdvictoria.com\/wp-content\/uploads\/2025\/07\/autistic-child-6-2048x1365.webp 2048w\" sizes=\"(max-width: 2560px) 100vw, 2560px\" \/>\n                            <\/div>\n                    <\/div><div class=\"eael-entry-wrapper\"><header class=\"eael-entry-header\"><h2 class=\"eael-entry-title\"><a class=\"eael-grid-post-link\" href=\"https:\/\/vozdvictoria.com\/es\/from-conflict-to-collaboration-how-to-build-a-strong-partnership-with-your-childs-school-team\/\" title=\"Del conflicto a la colaboraci\u00f3n: c\u00f3mo construir una s\u00f3lida relaci\u00f3n con el equipo escolar de su hijo\" rel=\"nofollow\" target=\"_blank\">Del conflicto a la colaboraci\u00f3n: c\u00f3mo construir una s\u00f3lida relaci\u00f3n con el equipo escolar de su hijo<\/a><\/h2><\/header><div class=\"eael-entry-header-after style-two\"><div class=\"eael-entry-meta\"><span class=\"eael-posted-on eael-meta-posted-on\"><i class=\"far fa-clock\"><\/i><time datetime=\"julio 16, 2025\">julio 16, 2025<\/time><\/span><\/div><\/div><div class=\"eael-entry-content\">\n                                <div class=\"eael-grid-post-excerpt\"><p>Resumen: Una publicaci\u00f3n positiva y centrada en soluciones para padres y educadores sobre...<\/p><a href=\"https:\/\/vozdvictoria.com\/es\/from-conflict-to-collaboration-how-to-build-a-strong-partnership-with-your-childs-school-team\/\" class=\"eael-post-elements-readmore-btn\" rel=\"nofollow\" target=\"_blank\">Leer m\u00e1s<\/a><\/div>\n                            <\/div><\/div><\/div>\n    <\/div>\n<\/article><article class=\"eael-grid-post  eael-post-grid-column eael-pg-post-2371 category-uncategorized\" data-id=\"2371\">\n    <div class=\"eael-grid-post-holder\">\n        <div class=\"eael-grid-post-holder-inner\"><div class=\"eael-entry-media\"><div class=\"eael-entry-overlay zoom-in\"><i class=\"fas fa-external-link-alt\" aria-hidden=\"true\"><\/i><a href=\"https:\/\/vozdvictoria.com\/es\/5-signs-your-childs-iep-isnt-being-implemented-correctly-and-how-to-advocate-for-change\/\" rel=\"nofollow\" target=\"_blank\"><\/a><\/div><div class=\"eael-entry-thumbnail\">\n                            <img decoding=\"async\" width=\"620\" height=\"400\" src=\"https:\/\/vozdvictoria.com\/wp-content\/uploads\/2025\/07\/prev-img-7.webp\" class=\"attachment-full size-full wp-image-576\" alt=\"\" srcset=\"https:\/\/vozdvictoria.com\/wp-content\/uploads\/2025\/07\/prev-img-7.webp 620w, https:\/\/vozdvictoria.com\/wp-content\/uploads\/2025\/07\/prev-img-7-300x194.webp 300w\" sizes=\"(max-width: 620px) 100vw, 620px\" \/>\n                            <\/div>\n                    <\/div><div class=\"eael-entry-wrapper\"><header class=\"eael-entry-header\"><h2 class=\"eael-entry-title\"><a class=\"eael-grid-post-link\" href=\"https:\/\/vozdvictoria.com\/es\/5-signs-your-childs-iep-isnt-being-implemented-correctly-and-how-to-advocate-for-change\/\" title=\"5 se\u00f1ales de que el IEP de su hijo no se est\u00e1 implementando correctamente (y c\u00f3mo promover un cambio)\" rel=\"nofollow\" target=\"_blank\">5 se\u00f1ales de que el IEP de su hijo no se est\u00e1 implementando correctamente (y c\u00f3mo promover un cambio)<\/a><\/h2><\/header><div class=\"eael-entry-header-after style-two\"><div class=\"eael-entry-meta\"><span class=\"eael-posted-on eael-meta-posted-on\"><i class=\"far fa-clock\"><\/i><time datetime=\"julio 16, 2025\">julio 16, 2025<\/time><\/span><\/div><\/div><div class=\"eael-entry-content\">\n                                <div class=\"eael-grid-post-excerpt\"><p>Resumen: Una gu\u00eda pr\u00e1ctica para que los padres identifiquen las se\u00f1ales de alerta...<\/p><a href=\"https:\/\/vozdvictoria.com\/es\/5-signs-your-childs-iep-isnt-being-implemented-correctly-and-how-to-advocate-for-change\/\" class=\"eael-post-elements-readmore-btn\" rel=\"nofollow\" target=\"_blank\">Leer m\u00e1s<\/a><\/div>\n                            <\/div><\/div><\/div>\n    <\/div>\n<\/article><\/div>\n            <div class=\"clearfix\"><\/div>\n        <\/div>\t\t\t\t<\/div>\n\t\t\t\t<\/div>\n\t\t\t\t\t<\/div>\n\t\t<\/div>\n\t\t\t\t\t<\/div>\n\t\t<\/section>\n\t\t<div class=\"elementor-element elementor-element-1f3596b3 e-con-full e-flex e-con e-parent\" data-id=\"1f3596b3\" data-element_type=\"container\" data-e-type=\"container\">\n\t\t<div class=\"elementor-element elementor-element-2694be04 e-con-full e-flex e-con e-child\" data-id=\"2694be04\" data-element_type=\"container\" data-e-type=\"container\" data-settings=\"{&quot;background_background&quot;:&quot;classic&quot;}\">\n\t\t<div class=\"elementor-element elementor-element-7e880910 e-con-full animated-slow e-flex elementor-invisible e-con e-child\" data-id=\"7e880910\" data-element_type=\"container\" data-e-type=\"container\" data-settings=\"{&quot;animation&quot;:&quot;fadeInLeft&quot;}\">\n\t\t\t\t<div class=\"elementor-element elementor-element-1729bdd6 elementor-widget__width-inherit elementor-widget elementor-widget-heading\" data-id=\"1729bdd6\" data-element_type=\"widget\" data-e-type=\"widget\" data-widget_type=\"heading.default\">\n\t\t\t\t<div class=\"elementor-widget-container\">\n\t\t\t\t\t<h2 class=\"elementor-heading-title elementor-size-default\">Programe una consulta gratuita<\/h2>\t\t\t\t<\/div>\n\t\t\t\t<\/div>\n\t\t\t\t<div class=\"elementor-element elementor-element-34299b93 elementor-widget elementor-widget-text-editor\" data-id=\"34299b93\" data-element_type=\"widget\" data-e-type=\"widget\" data-widget_type=\"text-editor.default\">\n\t\t\t\t<div class=\"elementor-widget-container\">\n\t\t\t\t\t\t\t\t\t<p>Ofrecemos una consulta telef\u00f3nica inicial gratuita y sin compromiso de 30 minutos en la que escuchamos con atenci\u00f3n y empat\u00eda los desaf\u00edos actuales y las necesidades insatisfechas de su hijo u organizaci\u00f3n.<\/p>\t\t\t\t\t\t\t\t<\/div>\n\t\t\t\t<\/div>\n\t\t\t\t<div class=\"elementor-element elementor-element-467d6efc elementor-align-left elementor-widget__width-inherit elementor-mobile-align-center elementor-widget elementor-widget-button\" data-id=\"467d6efc\" data-element_type=\"widget\" data-e-type=\"widget\" data-widget_type=\"button.default\">\n\t\t\t\t<div class=\"elementor-widget-container\">\n\t\t\t\t\t\t\t\t\t<div class=\"elementor-button-wrapper\">\n\t\t\t\t\t<a class=\"elementor-button elementor-button-link elementor-size-sm\" href=\"https:\/\/calendly.com\/\" target=\"_blank\" id=\"btnTriCircular\" rel=\"noopener\">\n\t\t\t\t\t\t<span class=\"elementor-button-content-wrapper\">\n\t\t\t\t\t\t\t\t\t<span class=\"elementor-button-text\">Reservar cita<\/span>\n\t\t\t\t\t<\/span>\n\t\t\t\t\t<\/a>\n\t\t\t\t<\/div>\n\t\t\t\t\t\t\t\t<\/div>\n\t\t\t\t<\/div>\n\t\t\t\t<\/div>\n\t\t<div class=\"elementor-element elementor-element-d4973ab e-con-full animated-slow e-flex elementor-invisible e-con e-child\" data-id=\"d4973ab\" data-element_type=\"container\" data-e-type=\"container\" data-settings=\"{&quot;animation&quot;:&quot;fadeInRight&quot;}\">\n\t\t\t\t<div class=\"elementor-element elementor-element-238c0053 fluentform-widget-submit-button-custom elementor-widget elementor-widget-fluent-form-widget\" data-id=\"238c0053\" data-element_type=\"widget\" data-e-type=\"widget\" data-widget_type=\"fluent-form-widget.default\">\n\t\t\t\t<div class=\"elementor-widget-container\">\n\t\t\t\t\t\n            <div class=\"fluentform-widget-wrapper fluentform-widget-align-default\">\n\n                            <div class=\"fluentform-widget-heading\">\n                                        <h3 class=\"fluentform-widget-title\">\n                        Cont\u00e1ctanos!                    <\/h3>\n                                                        <\/div>\n            \n            <div class='fluentform ff-default fluentform_wrapper_1 ffs_default_wrap'><form data-form_id=\"1\" id=\"fluentform_1\" class=\"frm-fluent-form fluent_form_1 ff-el-form-top ff_form_instance_1_1 ff-form-loading ffs_default\" data-form_instance=\"ff_form_instance_1_1\" method=\"POST\" action=\"\" ><fieldset  style=\"border: none!important;margin: 0!important;padding: 0!important;background-color: transparent!important;box-shadow: none!important;outline: none!important; min-inline-size: 100%;\">\n                    <legend class=\"ff_screen_reader_title\" style=\"display: block; margin: 0!important;padding: 0!important;height: 0!important;text-indent: -999999px;width: 0!important;overflow:hidden;\">Contact Form22<\/legend><input type='hidden' name='__fluent_form_embded_post_id' value='2371' \/><input type=\"hidden\" id=\"_fluentform_1_fluentformnonce\" name=\"_fluentform_1_fluentformnonce\" value=\"d9f918f9d0\" \/><input type=\"hidden\" name=\"_wp_http_referer\" value=\"\/es\/wp-json\/wp\/v2\/pages\/18\" \/><div data-type=\"name-element\" data-name=\"names\" class=\"ff-field_container ff-name-field-wrapper\" ><div class='ff-t-container'><div class='ff-t-cell'><div class='ff-el-group'><div class=\"ff-el-input--label asterisk-right\"><label for='ff_1_names_first_name_' id='label_ff_1_names_first_name_' >Nombre<\/label><\/div><div class='ff-el-input--content'><input type=\"text\" name=\"names[first_name]\" id=\"ff_1_names_first_name_\" class=\"ff-el-form-control\" placeholder=\"Nombre\" aria-invalid=\"false\" aria-required=\"false\"><\/div><\/div><\/div><div class='ff-t-cell'><div class='ff-el-group'><div class=\"ff-el-input--label asterisk-right\"><label for='ff_1_names_last_name_' id='label_ff_1_names_last_name_' >Apellido<\/label><\/div><div class='ff-el-input--content'><input type=\"text\" name=\"names[last_name]\" id=\"ff_1_names_last_name_\" class=\"ff-el-form-control\" placeholder=\"Apellido\" aria-invalid=\"false\" aria-required=\"false\"><\/div><\/div><\/div><\/div><\/div><div class='ff-el-group'><div class=\"ff-el-input--label ff-el-is-required asterisk-right\"><label for='ff_1_email' id='label_ff_1_email' aria-label=\"Correo electr\u00f3nico\">Correo electr\u00f3nico<\/label><\/div><div class='ff-el-input--content'><input type=\"email\" name=\"email\" id=\"ff_1_email\" class=\"ff-el-form-control\" placeholder=\"Correo electr\u00f3nico\" data-name=\"email\"  aria-invalid=\"false\" aria-required=\"true\"><\/div><\/div><div class='ff-el-group'><div class=\"ff-el-input--label ff-el-is-required asterisk-right\"><label for='ff_1_numeric_field' id='label_ff_1_numeric_field' aria-label=\"Tel\u00e9fono\">Tel\u00e9fono<\/label><\/div><div class='ff-el-input--content'><input type=\"number\" name=\"numeric_field\" id=\"ff_1_numeric_field\" class=\"ff-el-form-control\" placeholder=\"Tel\u00e9fono\" data-name=\"numeric_field\" inputmode=\"numeric\" step=\"any\"  aria-invalid=\"false\" aria-required=\"true\"><\/div><\/div><div class='ff-el-group'><div class=\"ff-el-input--label ff-el-is-required asterisk-right\"><label for='ff_1_message' id='label_ff_1_message' aria-label=\"Tu mensaje\">Tu mensaje<\/label><\/div><div class='ff-el-input--content'><textarea aria-required=\"true\" aria-labelledby=\"label_ff_1_message\" name=\"message\" id=\"ff_1_message\" class=\"ff-el-form-control\" placeholder=\"Tu mensaje\" rows=\"4\" cols=\"2\" data-name=\"message\" ><\/textarea><\/div><\/div><div class='ff-el-group' ><div class='ff-el-input--content'><div data-fluent_id='1' name='g-recaptcha-response'><div\n\t\tdata-sitekey='6LdHQlcsAAAAAOTqrcXFzkOg_bwHgHauS287HvqL'\n\t\tid='fluentform-recaptcha-1-1'\n\t\tclass='ff-el-recaptcha g-recaptcha'\n\t\tdata-callback='fluentFormrecaptchaSuccessCallback'><\/div><\/div><\/div><\/div><div class='ff-el-group ff-text-left ff_submit_btn_wrapper'><button type=\"submit\" class=\"ff-btn ff-btn-submit ff-btn-md ff_btn_style\"  aria-label=\"Env\u00eda\">Env\u00eda<\/button><\/div><\/fieldset><input type=\"hidden\" name=\"trp-form-language\" value=\"es\"\/><\/form><div id='fluentform_1_errors' class='ff-errors-in-stack ff_form_instance_1_1 ff-form-loading_errors ff_form_instance_1_1_errors'><\/div><\/div>            <script type=\"text\/javascript\">\n                window.fluent_form_ff_form_instance_1_1 = {\"id\":\"1\",\"ajaxUrl\":\"https:\\\/\\\/vozdvictoria.com\\\/wp-admin\\\/admin-ajax.php\",\"settings\":{\"layout\":{\"labelPlacement\":\"top\",\"helpMessagePlacement\":\"with_label\",\"errorMessagePlacement\":\"inline\",\"cssClassName\":\"\",\"asteriskPlacement\":\"asterisk-right\"},\"restrictions\":{\"denyEmptySubmission\":{\"enabled\":false}}},\"form_instance\":\"ff_form_instance_1_1\",\"form_id_selector\":\"fluentform_1\",\"rules\":{\"names[first_name]\":{\"required\":{\"value\":false,\"message\":\"This field is required\",\"global\":false,\"global_message\":\"This field is required\"}},\"names[middle_name]\":{\"required\":{\"value\":false,\"message\":\"This field is required\",\"global\":false,\"global_message\":\"This field is required\"}},\"names[last_name]\":{\"required\":{\"value\":false,\"message\":\"This field is required\",\"global\":false,\"global_message\":\"This field is required\"}},\"email\":{\"required\":{\"value\":true,\"message\":\"This field is required\",\"global\":false,\"global_message\":\"This field is required\"},\"email\":{\"value\":true,\"message\":\"This field must contain a valid email\",\"global\":false,\"global_message\":\"This field must contain a valid email\"}},\"numeric_field\":{\"required\":{\"value\":true,\"message\":\"This field is required\",\"global_message\":\"This field is required\",\"global\":true},\"numeric\":{\"value\":true,\"message\":\"This field must contain numeric value\",\"global_message\":\"This field must contain numeric value\",\"global\":true},\"min\":{\"value\":\"\",\"message\":\"Validation fails for minimum value\",\"global_message\":\"Validation fails for minimum value\",\"global\":true},\"max\":{\"value\":\"\",\"message\":\"Validation fails for maximum value\",\"global_message\":\"Validation fails for maximum value\",\"global\":true},\"digits\":{\"value\":\"\",\"message\":\"Validation fails for limited digits\",\"global_message\":\"Validation fails for limited digits\",\"global\":true}},\"message\":{\"required\":{\"value\":true,\"message\":\"This field is required\",\"global\":false,\"global_message\":\"This field is required\"}},\"g-recaptcha-response\":[]},\"debounce_time\":300};\n                            <\/script>\n                        <\/div>\n\n            \t\t\t\t<\/div>\n\t\t\t\t<\/div>\n\t\t\t\t<\/div>\n\t\t\t\t<\/div>\n\t\t\t\t<\/div>\n\t\t\t\t<\/div>","protected":false},"excerpt":{"rendered":"<p>Blog Posts Beyond Translation: Why Culturally Responsive IEPs Matter for Multilingual Families July 16, 2025 Summary: Highlights the intersection of [&hellip;]<\/p>","protected":false},"author":1,"featured_media":0,"parent":0,"menu_order":0,"comment_status":"closed","ping_status":"closed","template":"","meta":{"site-sidebar-layout":"no-sidebar","site-content-layout":"","ast-site-content-layout":"full-width-container","site-content-style":"default","site-sidebar-style":"default","ast-global-header-display":"","ast-banner-title-visibility":"","ast-main-header-display":"","ast-hfb-above-header-display":"","ast-hfb-below-header-display":"","ast-hfb-mobile-header-display":"","site-post-title":"disabled","ast-breadcrumbs-content":"","ast-featured-img":"disabled","footer-sml-layout":"","ast-disable-related-posts":"","theme-transparent-header-meta":"","adv-header-id-meta":"","stick-header-meta":"","header-above-stick-meta":"","header-main-stick-meta":"","header-below-stick-meta":"","astra-migrate-meta-layouts":"default","ast-page-background-enabled":"default","ast-page-background-meta":{"desktop":{"background-color":"var(--ast-global-color-5)","background-image":"","background-repeat":"repeat","background-position":"center center","background-size":"auto","background-attachment":"scroll","background-type":"","background-media":"","overlay-type":"","overlay-color":"","overlay-opacity":"","overlay-gradient":""},"tablet":{"background-color":"","background-image":"","background-repeat":"repeat","background-position":"center center","background-size":"auto","background-attachment":"scroll","background-type":"","background-media":"","overlay-type":"","overlay-color":"","overlay-opacity":"","overlay-gradient":""},"mobile":{"background-color":"","background-image":"","background-repeat":"repeat","background-position":"center center","background-size":"auto","background-attachment":"scroll","background-type":"","background-media":"","overlay-type":"","overlay-color":"","overlay-opacity":"","overlay-gradient":""}},"ast-content-background-meta":{"desktop":{"background-color":"var(--ast-global-color-4)","background-image":"","background-repeat":"repeat","background-position":"center center","background-size":"auto","background-attachment":"scroll","background-type":"","background-media":"","overlay-type":"","overlay-color":"","overlay-opacity":"","overlay-gradient":""},"tablet":{"background-color":"var(--ast-global-color-4)","background-image":"","background-repeat":"repeat","background-position":"center center","background-size":"auto","background-attachment":"scroll","background-type":"","background-media":"","overlay-type":"","overlay-color":"","overlay-opacity":"","overlay-gradient":""},"mobile":{"background-color":"var(--ast-global-color-4)","background-image":"","background-repeat":"repeat","background-position":"center center","background-size":"auto","background-attachment":"scroll","background-type":"","background-media":"","overlay-type":"","overlay-color":"","overlay-opacity":"","overlay-gradient":""}},"footnotes":""},"class_list":["post-18","page","type-page","status-publish","hentry"],"_links":{"self":[{"href":"https:\/\/vozdvictoria.com\/es\/wp-json\/wp\/v2\/pages\/18","targetHints":{"allow":["GET"]}}],"collection":[{"href":"https:\/\/vozdvictoria.com\/es\/wp-json\/wp\/v2\/pages"}],"about":[{"href":"https:\/\/vozdvictoria.com\/es\/wp-json\/wp\/v2\/types\/page"}],"author":[{"embeddable":true,"href":"https:\/\/vozdvictoria.com\/es\/wp-json\/wp\/v2\/users\/1"}],"replies":[{"embeddable":true,"href":"https:\/\/vozdvictoria.com\/es\/wp-json\/wp\/v2\/comments?post=18"}],"version-history":[{"count":49,"href":"https:\/\/vozdvictoria.com\/es\/wp-json\/wp\/v2\/pages\/18\/revisions"}],"predecessor-version":[{"id":2902,"href":"https:\/\/vozdvictoria.com\/es\/wp-json\/wp\/v2\/pages\/18\/revisions\/2902"}],"wp:attachment":[{"href":"https:\/\/vozdvictoria.com\/es\/wp-json\/wp\/v2\/media?parent=18"}],"curies":[{"name":"wp","href":"https:\/\/api.w.org\/{rel}","templated":true}]}}