{"id":2182,"date":"2025-07-15T00:29:25","date_gmt":"2025-07-15T00:29:25","guid":{"rendered":"https:\/\/vozdvictoria.com\/?page_id=2182"},"modified":"2025-08-20T00:58:54","modified_gmt":"2025-08-20T00:58:54","slug":"expert-witness-for-due-process-family-court","status":"publish","type":"page","link":"https:\/\/vozdvictoria.com\/es\/expert-witness-for-due-process-family-court\/","title":{"rendered":"Expert Witness for Due Process &amp; Family Court"},"content":{"rendered":"<div data-elementor-type=\"wp-page\" data-elementor-id=\"2182\" class=\"elementor elementor-2182\" data-elementor-post-type=\"page\">\n\t\t\t\t\t\t<section class=\"elementor-section elementor-top-section elementor-element elementor-element-fbdbc96 elementor-section-boxed elementor-section-height-default elementor-section-height-default\" data-id=\"fbdbc96\" data-element_type=\"section\" data-e-type=\"section\" data-settings=\"{&quot;background_background&quot;:&quot;classic&quot;}\">\n\t\t\t\t\t\t<div class=\"elementor-container elementor-column-gap-default\">\n\t\t\t\t\t<div class=\"elementor-column elementor-col-100 elementor-top-column elementor-element elementor-element-23d1018\" data-id=\"23d1018\" data-element_type=\"column\" data-e-type=\"column\">\n\t\t\t<div class=\"elementor-widget-wrap elementor-element-populated\">\n\t\t\t\t<div class=\"elementor-element elementor-element-7754d34 e-flex e-con-boxed elementor-invisible e-con e-parent\" data-id=\"7754d34\" data-element_type=\"container\" data-e-type=\"container\" data-settings=\"{&quot;background_background&quot;:&quot;classic&quot;,&quot;animation&quot;:&quot;fadeInUp&quot;}\">\n\t\t\t\t\t<div class=\"e-con-inner\">\n\t\t\t\t<div class=\"elementor-element elementor-element-807a531 elementor-blockquote--skin-quotation elementor-blockquote--align-left elementor-widget elementor-widget-blockquote\" data-id=\"807a531\" data-element_type=\"widget\" data-e-type=\"widget\" data-widget_type=\"blockquote.default\">\n\t\t\t\t<div class=\"elementor-widget-container\">\n\t\t\t\t\t\t\t<blockquote class=\"elementor-blockquote\">\n\t\t\t<p class=\"elementor-blockquote__content\">\n\t\t\t\tMarta Leyva, directora de la Academia Excelsior desde diciembre de 2020 hasta el 28 de febrero de 2022 y miembro del equipo del PEI de la estudiante, testific\u00f3 en la audiencia. Antes de trabajar en la Academia Excelsior, fue subdirectora del Distrito Escolar Primario de Chula Vista. Tambi\u00e9n fue maestra y pat\u00f3loga de habla\/lenguaje en tres distritos escolares p\u00fablicos. Leyva tambi\u00e9n trabaj\u00f3 como defensora de estudiantes con discapacidades de aprendizaje y como consultora para sus padres. Ella tiene una maestr\u00eda en liderazgo educativo y ha completado una amplia capacitaci\u00f3n en diversas intervenciones de Educaci\u00f3n Especial y desarrollo de PEI. Ha asistido a cientos de reuniones de PEI. Respondi\u00f3 a todas las preguntas que se le plantearon sin dudarlo, con minuciosidad, conocimiento y confianza, gracias a su extensa experiencia con estudiantes con discapacidades de aprendizaje. La Maestra Leyva conoce muchas de las escuelas privadas que operan en el condado de San Diego. Su testimonio fue sumamente cre\u00edble y persuasivo.\t\t\t<\/p>\n\t\t\t\t\t\t\t<div class=\"e-q-footer\">\n\t\t\t\t\t\t\t\t\t\t\t<cite class=\"elementor-blockquote__author\">La jueza de derecho administrativo Christine Arden<br \/> N.\u00ba DE CASO DE LA OAH 2022020209<\/cite>\n\t\t\t\t\t\t\t\t\t\t\t\t\t\t<\/div>\n\t\t\t\t\t<\/blockquote>\n\t\t\t\t\t\t<\/div>\n\t\t\t\t<\/div>\n\t\t\t\t\t<\/div>\n\t\t\t\t<\/div>\n\t\t\t\t<div class=\"elementor-element elementor-element-3a66a19 elementor-widget__width-auto elementor-absolute elementor-hidden-tablet elementor-hidden-phone elementor-widget elementor-widget-image\" data-id=\"3a66a19\" data-element_type=\"widget\" data-e-type=\"widget\" data-settings=\"{&quot;_position&quot;:&quot;absolute&quot;}\" data-widget_type=\"image.default\">\n\t\t\t\t<div class=\"elementor-widget-container\">\n\t\t\t\t\t\t\t\t\t\t\t\t\t\t\t<img fetchpriority=\"high\" decoding=\"async\" width=\"1058\" height=\"1058\" src=\"https:\/\/vozdvictoria.com\/wp-content\/uploads\/2025\/07\/Group-6.png\" class=\"attachment-full size-full wp-image-826\" alt=\"\" srcset=\"https:\/\/vozdvictoria.com\/wp-content\/uploads\/2025\/07\/Group-6.png 1058w, https:\/\/vozdvictoria.com\/wp-content\/uploads\/2025\/07\/Group-6-300x300.png 300w, https:\/\/vozdvictoria.com\/wp-content\/uploads\/2025\/07\/Group-6-1024x1024.png 1024w, https:\/\/vozdvictoria.com\/wp-content\/uploads\/2025\/07\/Group-6-150x150.png 150w, https:\/\/vozdvictoria.com\/wp-content\/uploads\/2025\/07\/Group-6-768x768.png 768w\" sizes=\"(max-width: 1058px) 100vw, 1058px\" \/>\t\t\t\t\t\t\t\t\t\t\t\t\t\t\t<\/div>\n\t\t\t\t<\/div>\n\t\t\t\t\t<\/div>\n\t\t<\/div>\n\t\t\t\t\t<\/div>\n\t\t<\/section>\n\t\t\t\t<\/div>","protected":false},"excerpt":{"rendered":"<p>Marta Leyva, the principal at Excelsior Academy from December 2020, to February 28, 2022, and a member of Student\u2019s IEP [&hellip;]<\/p>","protected":false},"author":1,"featured_media":0,"parent":0,"menu_order":0,"comment_status":"closed","ping_status":"closed","template":"","meta":{"site-sidebar-layout":"no-sidebar","site-content-layout":"","ast-site-content-layout":"full-width-container","site-content-style":"default","site-sidebar-style":"default","ast-global-header-display":"","ast-banner-title-visibility":"","ast-main-header-display":"","ast-hfb-above-header-display":"","ast-hfb-below-header-display":"","ast-hfb-mobile-header-display":"","site-post-title":"disabled","ast-breadcrumbs-content":"","ast-featured-img":"disabled","footer-sml-layout":"","ast-disable-related-posts":"","theme-transparent-header-meta":"","adv-header-id-meta":"","stick-header-meta":"","header-above-stick-meta":"","header-main-stick-meta":"","header-below-stick-meta":"","astra-migrate-meta-layouts":"default","ast-page-background-enabled":"default","ast-page-background-meta":{"desktop":{"background-color":"var(--ast-global-color-5)","background-image":"","background-repeat":"repeat","background-position":"center center","background-size":"auto","background-attachment":"scroll","background-type":"","background-media":"","overlay-type":"","overlay-color":"","overlay-opacity":"","overlay-gradient":""},"tablet":{"background-color":"","background-image":"","background-repeat":"repeat","background-position":"center center","background-size":"auto","background-attachment":"scroll","background-type":"","background-media":"","overlay-type":"","overlay-color":"","overlay-opacity":"","overlay-gradient":""},"mobile":{"background-color":"","background-image":"","background-repeat":"repeat","background-position":"center center","background-size":"auto","background-attachment":"scroll","background-type":"","background-media":"","overlay-type":"","overlay-color":"","overlay-opacity":"","overlay-gradient":""}},"ast-content-background-meta":{"desktop":{"background-color":"var(--ast-global-color-4)","background-image":"","background-repeat":"repeat","background-position":"center center","background-size":"auto","background-attachment":"scroll","background-type":"","background-media":"","overlay-type":"","overlay-color":"","overlay-opacity":"","overlay-gradient":""},"tablet":{"background-color":"var(--ast-global-color-4)","background-image":"","background-repeat":"repeat","background-position":"center center","background-size":"auto","background-attachment":"scroll","background-type":"","background-media":"","overlay-type":"","overlay-color":"","overlay-opacity":"","overlay-gradient":""},"mobile":{"background-color":"var(--ast-global-color-4)","background-image":"","background-repeat":"repeat","background-position":"center center","background-size":"auto","background-attachment":"scroll","background-type":"","background-media":"","overlay-type":"","overlay-color":"","overlay-opacity":"","overlay-gradient":""}},"footnotes":""},"class_list":["post-2182","page","type-page","status-publish","hentry"],"_links":{"self":[{"href":"https:\/\/vozdvictoria.com\/es\/wp-json\/wp\/v2\/pages\/2182","targetHints":{"allow":["GET"]}}],"collection":[{"href":"https:\/\/vozdvictoria.com\/es\/wp-json\/wp\/v2\/pages"}],"about":[{"href":"https:\/\/vozdvictoria.com\/es\/wp-json\/wp\/v2\/types\/page"}],"author":[{"embeddable":true,"href":"https:\/\/vozdvictoria.com\/es\/wp-json\/wp\/v2\/users\/1"}],"replies":[{"embeddable":true,"href":"https:\/\/vozdvictoria.com\/es\/wp-json\/wp\/v2\/comments?post=2182"}],"version-history":[{"count":4,"href":"https:\/\/vozdvictoria.com\/es\/wp-json\/wp\/v2\/pages\/2182\/revisions"}],"predecessor-version":[{"id":5292,"href":"https:\/\/vozdvictoria.com\/es\/wp-json\/wp\/v2\/pages\/2182\/revisions\/5292"}],"wp:attachment":[{"href":"https:\/\/vozdvictoria.com\/es\/wp-json\/wp\/v2\/media?parent=2182"}],"curies":[{"name":"wp","href":"https:\/\/api.w.org\/{rel}","templated":true}]}}